{"id":466,"date":"2013-07-01T10:04:19","date_gmt":"2013-07-01T10:04:19","guid":{"rendered":"https:\/\/www.azgastroliver.com\/preguntas\/"},"modified":"2024-04-16T11:38:40","modified_gmt":"2024-04-16T11:38:40","slug":"preguntas","status":"publish","type":"page","link":"https:\/\/www.azgastroliver.com\/es\/preguntas\/","title":{"rendered":"Preguntas"},"content":{"rendered":"<p><strong>Q. \u00bfCu\u00e1nto duran los procedimientos?<\/strong><\/p>\n<p>A. Los procedimientos suelen durar unas 2 horas. Esto incluye el registro, el procedimiento y el tiempo de recuperaci\u00f3n.<\/p>\n<p><strong>Q. \u00bfC\u00f3mo debo prepararme para la intervenci\u00f3n?<\/strong><\/p>\n<p>A. Consulte la explicaci\u00f3n de cada procedimiento (EGD y colonoscopia) en los formularios para pacientes.<\/p>\n<p><strong>Q. \u00bfPodr\u00e9 conducir hasta mi casa despu\u00e9s de la intervenci\u00f3n?<\/strong><\/p>\n<p>A. Necesitar\u00e1 que alguien le lleve a casa despu\u00e9s de la intervenci\u00f3n. El conductor deber\u00e1 llevarle a la intervenci\u00f3n y esperar durante la misma en la sala de espera hasta que el paciente sea dado de alta.<\/p>\n<p><strong>Q. \u00bfQu\u00e9 debo llevar a mi primera cita?<\/strong><\/p>\n<p>A. Identificaci\u00f3n con foto, tarjeta del seguro, copago, lista de medicamentos, cancelar 24 horas antes para evitar cargos por cancelaci\u00f3n.<\/p>\n<p><strong>Q. \u00bfCu\u00e1les son los gastos de cancelaci\u00f3n si no cancelo 24 horas antes de mi cita?<\/strong><\/p>\n<p>A. Hay una tasa de cancelaci\u00f3n de 50$.<\/p>\n<p><strong>Q. \u00bfPuedo llevar a mis hijos?<\/strong><\/p>\n<p>A. Los ni\u00f1os menores de 12 a\u00f1os no pueden entrar en las salas de examen, pero pueden esperar con un adulto en la sala de espera.<\/p>\n<p><strong>Q. \u00bfQu\u00e9 debo llevar el d\u00eda de la intervenci\u00f3n?<\/strong><\/p>\n<p>A. Le recomendamos que deje todos los objetos de valor en casa, incluidos bolsos, carteras y tel\u00e9fonos m\u00f3viles. Necesitas llevar calcetines. Tiene que traer el pago del procedimiento.<\/p>\n<p>&nbsp;<\/p>\n","protected":false},"excerpt":{"rendered":"<p>Q. \u00bfCu\u00e1nto duran los procedimientos? A. Los procedimientos suelen durar unas 2 horas. Esto incluye el registro, el procedimiento y el tiempo de recuperaci\u00f3n. Q. \u00bfC\u00f3mo debo prepararme para la intervenci\u00f3n? A. Consulte la explicaci\u00f3n de cada procedimiento (EGD y &hellip; <a href=\"https:\/\/www.azgastroliver.com\/es\/preguntas\/\"><\/a><\/p>\n","protected":false},"author":3,"featured_media":0,"parent":0,"menu_order":0,"comment_status":"open","ping_status":"open","template":"","meta":{"footnotes":""},"aioseo_notices":[],"_links":{"self":[{"href":"https:\/\/www.azgastroliver.com\/es\/wp-json\/wp\/v2\/pages\/466"}],"collection":[{"href":"https:\/\/www.azgastroliver.com\/es\/wp-json\/wp\/v2\/pages"}],"about":[{"href":"https:\/\/www.azgastroliver.com\/es\/wp-json\/wp\/v2\/types\/page"}],"author":[{"embeddable":true,"href":"https:\/\/www.azgastroliver.com\/es\/wp-json\/wp\/v2\/users\/3"}],"replies":[{"embeddable":true,"href":"https:\/\/www.azgastroliver.com\/es\/wp-json\/wp\/v2\/comments?post=466"}],"version-history":[{"count":0,"href":"https:\/\/www.azgastroliver.com\/es\/wp-json\/wp\/v2\/pages\/466\/revisions"}],"wp:attachment":[{"href":"https:\/\/www.azgastroliver.com\/es\/wp-json\/wp\/v2\/media?parent=466"}],"curies":[{"name":"wp","href":"https:\/\/api.w.org\/{rel}","templated":true}]}}