{"id":471,"date":"2013-08-08T20:49:24","date_gmt":"2013-08-08T20:49:24","guid":{"rendered":"https:\/\/www.azgastroliver.com\/cpre\/"},"modified":"2024-04-04T06:58:45","modified_gmt":"2024-04-04T06:58:45","slug":"cpre","status":"publish","type":"page","link":"https:\/\/www.azgastroliver.com\/es\/cpre\/","title":{"rendered":"CPRE"},"content":{"rendered":"<p><strong>\u00bfQu\u00e9 es la CPRE?<\/strong><\/p>\n<p>La colangiopancreatograf\u00eda retr\u00f3grada endosc\u00f3pica, o CPRE, es una t\u00e9cnica especializada utilizada para estudiar los conductos biliares, el conducto pancre\u00e1tico y la ves\u00edcula biliar. Los conductos son v\u00edas de drenaje; los canales de drenaje del h\u00edgado se denominan conductos biliares o biliares. El conducto pancre\u00e1tico es el canal de drenaje del p\u00e1ncreas.<\/p>\n<p><strong>\u00bfQu\u00e9 ocurre durante una CPRE?<\/strong><\/p>\n<p>El anestesista le administrar\u00e1 un sedante y se tumbar\u00e1 en una mesa de rayos X. Durante la CPRE, nuestro m\u00e9dico le pasar\u00e1 un endoscopio por la boca, el es\u00f3fago y el est\u00f3mago en el duodeno (primera parte del intestino delgado). Un endoscopio es un tubo fino y flexible que permite a nuestros m\u00e9dicos ver el interior de sus intestinos. Una vez localizada la abertura com\u00fan a los conductos del h\u00edgado y el p\u00e1ncreas, denominada papila duodenal mayor, se pasa un cat\u00e9ter (tubo estrecho de pl\u00e1stico) a trav\u00e9s del endoscopio hasta los conductos. Se inyectar\u00e1 un material de contraste (colorante) en los conductos pancre\u00e1ticos o biliares y se tomar\u00e1n radiograf\u00edas.<\/p>\n<p><strong>\u00bfQu\u00e9 ocurre despu\u00e9s de una CPRE?<\/strong><\/p>\n<p>Se le controlar\u00e1 hasta que desaparezcan la mayor\u00eda de los efectos del sedante antes de enviarle a casa. Puede experimentar hinchaz\u00f3n o expulsar gases debido al aire introducido durante el examen. Puede reanudar su dieta habitual a menos que se le indique lo contrario. Alguien debe acompa\u00f1arle a casa despu\u00e9s del procedimiento debido a los sedantes utilizados durante el examen. Aunque se sienta alerta tras la intervenci\u00f3n, los sedantes pueden afectar a su juicio y reflejos durante el resto del d\u00eda.<\/p>\n","protected":false},"excerpt":{"rendered":"<p>\u00bfQu\u00e9 es la CPRE? La colangiopancreatograf\u00eda retr\u00f3grada endosc\u00f3pica, o CPRE, es una t\u00e9cnica especializada utilizada para estudiar los conductos biliares, el conducto pancre\u00e1tico y la ves\u00edcula biliar. Los conductos son v\u00edas de drenaje; los canales de drenaje del h\u00edgado se &hellip; <a href=\"https:\/\/www.azgastroliver.com\/es\/cpre\/\"><\/a><\/p>\n","protected":false},"author":3,"featured_media":0,"parent":0,"menu_order":0,"comment_status":"open","ping_status":"open","template":"","meta":{"footnotes":""},"aioseo_notices":[],"_links":{"self":[{"href":"https:\/\/www.azgastroliver.com\/es\/wp-json\/wp\/v2\/pages\/471"}],"collection":[{"href":"https:\/\/www.azgastroliver.com\/es\/wp-json\/wp\/v2\/pages"}],"about":[{"href":"https:\/\/www.azgastroliver.com\/es\/wp-json\/wp\/v2\/types\/page"}],"author":[{"embeddable":true,"href":"https:\/\/www.azgastroliver.com\/es\/wp-json\/wp\/v2\/users\/3"}],"replies":[{"embeddable":true,"href":"https:\/\/www.azgastroliver.com\/es\/wp-json\/wp\/v2\/comments?post=471"}],"version-history":[{"count":0,"href":"https:\/\/www.azgastroliver.com\/es\/wp-json\/wp\/v2\/pages\/471\/revisions"}],"wp:attachment":[{"href":"https:\/\/www.azgastroliver.com\/es\/wp-json\/wp\/v2\/media?parent=471"}],"curies":[{"name":"wp","href":"https:\/\/api.w.org\/{rel}","templated":true}]}}