{"id":480,"date":"2013-08-08T20:59:32","date_gmt":"2013-08-08T20:59:32","guid":{"rendered":"https:\/\/www.azgastroliver.com\/oficina-de-phoenix\/"},"modified":"2024-04-04T06:58:46","modified_gmt":"2024-04-04T06:58:46","slug":"oficina-de-phoenix","status":"publish","type":"page","link":"https:\/\/www.azgastroliver.com\/es\/oficina-de-phoenix\/","title":{"rendered":"Oficina de Phoenix"},"content":{"rendered":"<p><strong>Oficina de Phoenix<\/strong><\/p>\n<p>Cl\u00ednica de Gastroenterolog\u00eda de Arizona<br \/>\n2040 W. Bethany Home Road<br \/>\nPhoenix, AZ 85015<br \/>\nTel\u00e9fono: (623) 773-1161<br \/>\nFax: (623) 773-1181<\/p>\n<p><iframe loading=\"lazy\" width=\"425\" height=\"350\" frameborder=\"0\" scrolling=\"no\" marginheight=\"0\" marginwidth=\"0\" src=\"https:\/\/maps.google.com\/maps?f=q&amp;source=s_q&amp;hl=en&amp;geocode=&amp;q=Arizona+Gastroenterology+More+info%E2%80%8E+2040+West+Bethany+Home+Road+Phoenix,+AZ+85015&amp;aq=&amp;sll=33.544441,-112.04909&amp;sspn=0.380001,0.66124&amp;ie=UTF8&amp;hq=Arizona+Gastroenterology+More+info%E2%80%8E+2040+West+Bethany+Home+Road&amp;hnear=Phoenix,+Arizona+85015&amp;ll=33.524479,-112.103626&amp;spn=0.023756,0.041327&amp;t=m&amp;z=14&amp;iwloc=A&amp;cid=8356884982334053677&amp;output=embed\"><\/iframe><br \/><small><a href=\"https:\/\/maps.google.com\/maps?f=q&amp;source=embed&amp;hl=en&amp;geocode=&amp;q=Arizona+Gastroenterology+More+info%E2%80%8E+2040+West+Bethany+Home+Road+Phoenix,+AZ+85015&amp;aq=&amp;sll=33.544441,-112.04909&amp;sspn=0.380001,0.66124&amp;ie=UTF8&amp;hq=Arizona+Gastroenterology+More+info%E2%80%8E+2040+West+Bethany+Home+Road&amp;hnear=Phoenix,+Arizona+85015&amp;ll=33.524479,-112.103626&amp;spn=0.023756,0.041327&amp;t=m&amp;z=14&amp;iwloc=A&amp;cid=8356884982334053677\" style=\"color:#0000FF;text-align:left\">Ver mapa m\u00e1s grande<\/a><\/small><\/p>\n","protected":false},"excerpt":{"rendered":"<p>Oficina de Phoenix Cl\u00ednica de Gastroenterolog\u00eda de Arizona 2040 W. Bethany Home Road Phoenix, AZ 85015 Tel\u00e9fono: (623) 773-1161 Fax: (623) 773-1181 Ver mapa m\u00e1s grande<\/p>\n","protected":false},"author":3,"featured_media":0,"parent":0,"menu_order":0,"comment_status":"open","ping_status":"open","template":"","meta":{"footnotes":""},"aioseo_notices":[],"_links":{"self":[{"href":"https:\/\/www.azgastroliver.com\/es\/wp-json\/wp\/v2\/pages\/480"}],"collection":[{"href":"https:\/\/www.azgastroliver.com\/es\/wp-json\/wp\/v2\/pages"}],"about":[{"href":"https:\/\/www.azgastroliver.com\/es\/wp-json\/wp\/v2\/types\/page"}],"author":[{"embeddable":true,"href":"https:\/\/www.azgastroliver.com\/es\/wp-json\/wp\/v2\/users\/3"}],"replies":[{"embeddable":true,"href":"https:\/\/www.azgastroliver.com\/es\/wp-json\/wp\/v2\/comments?post=480"}],"version-history":[{"count":0,"href":"https:\/\/www.azgastroliver.com\/es\/wp-json\/wp\/v2\/pages\/480\/revisions"}],"wp:attachment":[{"href":"https:\/\/www.azgastroliver.com\/es\/wp-json\/wp\/v2\/media?parent=480"}],"curies":[{"name":"wp","href":"https:\/\/api.w.org\/{rel}","templated":true}]}}