{"id":487,"date":"2013-08-19T15:42:22","date_gmt":"2013-08-19T15:42:22","guid":{"rendered":"https:\/\/www.azgastroliver.com\/oportunidades-profesionales\/"},"modified":"2024-04-04T06:58:48","modified_gmt":"2024-04-04T06:58:48","slug":"oportunidades-profesionales","status":"publish","type":"page","link":"https:\/\/www.azgastroliver.com\/es\/oportunidades-profesionales\/","title":{"rendered":"Oportunidades profesionales"},"content":{"rendered":"<p><strong>Publicado en mayo de 2013:<\/strong><br \/>\nBuscamos activamente m\u00e9dicos gastroenter\u00f3logos para incorporarse a nuestra consulta. Adem\u00e1s, buscamos asistentes m\u00e9dicos y personal de recepci\u00f3n. Env\u00ede un correo electr\u00f3nico <a href=\"mailto:kbal@cox.net\">a kbal@cox.net<\/a> con su CV.<\/p>\n<p>&nbsp;<br \/>\n<script type=\"text\/javascript\" src=\"http:\/\/form.jotformpro.com\/jsform\/32304754801953\"><\/script><\/p>\n","protected":false},"excerpt":{"rendered":"<p>Publicado en mayo de 2013: Buscamos activamente m\u00e9dicos gastroenter\u00f3logos para incorporarse a nuestra consulta. Adem\u00e1s, buscamos asistentes m\u00e9dicos y personal de recepci\u00f3n. Env\u00ede un correo electr\u00f3nico a kbal@cox.net con su CV. &nbsp;<\/p>\n","protected":false},"author":3,"featured_media":0,"parent":0,"menu_order":0,"comment_status":"open","ping_status":"open","template":"","meta":{"footnotes":""},"aioseo_notices":[],"_links":{"self":[{"href":"https:\/\/www.azgastroliver.com\/es\/wp-json\/wp\/v2\/pages\/487"}],"collection":[{"href":"https:\/\/www.azgastroliver.com\/es\/wp-json\/wp\/v2\/pages"}],"about":[{"href":"https:\/\/www.azgastroliver.com\/es\/wp-json\/wp\/v2\/types\/page"}],"author":[{"embeddable":true,"href":"https:\/\/www.azgastroliver.com\/es\/wp-json\/wp\/v2\/users\/3"}],"replies":[{"embeddable":true,"href":"https:\/\/www.azgastroliver.com\/es\/wp-json\/wp\/v2\/comments?post=487"}],"version-history":[{"count":0,"href":"https:\/\/www.azgastroliver.com\/es\/wp-json\/wp\/v2\/pages\/487\/revisions"}],"wp:attachment":[{"href":"https:\/\/www.azgastroliver.com\/es\/wp-json\/wp\/v2\/media?parent=487"}],"curies":[{"name":"wp","href":"https:\/\/api.w.org\/{rel}","templated":true}]}}