{"id":512,"date":"2013-08-09T23:37:18","date_gmt":"2013-08-09T23:37:18","guid":{"rendered":"https:\/\/www.azgastroliver.com\/ultrasonografia-endoscopica\/"},"modified":"2024-04-04T06:58:54","modified_gmt":"2024-04-04T06:58:54","slug":"ultrasonografia-endoscopica","status":"publish","type":"page","link":"https:\/\/www.azgastroliver.com\/es\/ultrasonografia-endoscopica\/","title":{"rendered":"Ultrasonograf\u00eda endosc\u00f3pica"},"content":{"rendered":"<p><b>\u00bfQu\u00e9 es la ecograf\u00eda?<\/b><\/p>\n<p>La ecograf\u00eda endosc\u00f3pica (USE) permite a su m\u00e9dico examinar el revestimiento del es\u00f3fago y del est\u00f3mago, as\u00ed como las paredes del tracto gastrointestinal superior e inferior. El tracto superior est\u00e1 formado por el es\u00f3fago, el est\u00f3mago y el duodeno; el tracto inferior incluye el colon y el recto. La ecograf\u00eda tambi\u00e9n se utiliza para estudiar otros \u00f3rganos cercanos al tubo digestivo, como los pulmones, el h\u00edgado, la ves\u00edcula biliar y el p\u00e1ncreas.<\/p>\n<p>Los endoscopistas son especialistas altamente cualificados que agradecer\u00e1n sus preguntas sobre sus credenciales, formaci\u00f3n y experiencia. Su endoscopista utilizar\u00e1 un tubo fino y flexible denominado endoscopio que lleva incorporada una sonda de ultrasonidos en miniatura. El m\u00e9dico pasar\u00e1 el endoscopio a trav\u00e9s de la boca o el ano hasta la zona que se va a examinar. A continuaci\u00f3n, el m\u00e9dico utilizar\u00e1 la ecograf\u00eda para crear im\u00e1genes visuales del tubo digestivo mediante ondas sonoras.<\/p>\n<p><b>\u00bfPor qu\u00e9 se hace una EUS?<\/b><\/p>\n<p>La EUS proporciona a su m\u00e9dico m\u00e1s informaci\u00f3n que otras pruebas de imagen al ofrecer im\u00e1genes detalladas de su tubo digestivo. Su m\u00e9dico puede utilizar la USE para diagnosticar ciertas afecciones que pueden causar dolor abdominal o una p\u00e9rdida de peso anormal.<\/p>\n<p>La USE tambi\u00e9n se utiliza para evaluar anomal\u00edas conocidas, como bultos o lesiones, que se detectaron en una endoscopia previa o se vieron en pruebas de rayos X, como una tomograf\u00eda computarizada (TC). La EUS proporciona una imagen detallada del bulto o lesi\u00f3n, que puede ayudar a su m\u00e9dico a determinar su origen y a tomar decisiones sobre el tratamiento. La EUS puede utilizarse para diagnosticar enfermedades del p\u00e1ncreas, el conducto biliar y la ves\u00edcula biliar cuando otras pruebas no son concluyentes o son contradictorias.<\/p>\n<p><b>\u00bfPor qu\u00e9 se utiliza la EUS en pacientes con c\u00e1ncer?<\/b><\/p>\n<p>La USE ayuda a su m\u00e9dico a determinar el grado de propagaci\u00f3n de determinados c\u00e1nceres de los sistemas digestivo y respiratorio. La EUS permite a su m\u00e9dico evaluar con precisi\u00f3n la profundidad del c\u00e1ncer y si se ha extendido a los ganglios linf\u00e1ticos adyacentes o a estructuras vitales cercanas, como los vasos sangu\u00edneos principales. En algunos pacientes, la USE puede utilizarse para obtener una biopsia con aguja de un bulto o lesi\u00f3n para ayudar al m\u00e9dico a determinar el tratamiento adecuado.<\/p>\n<p><b>\u00bfC\u00f3mo debo prepararme para la EUS?<\/b><\/p>\n<p>Para la EUS del tracto gastrointestinal superior, no debe comer ni beber nada, normalmente durante las seis horas previas al examen. Su m\u00e9dico le indicar\u00e1 cu\u00e1ndo debe iniciar este ayuno y si es aconsejable que tome sus medicamentos recetados habituales.<\/p>\n<p>Para la EUS del recto o el colon, su m\u00e9dico le indicar\u00e1 que consuma una soluci\u00f3n de limpieza col\u00f3nica o que siga una dieta de l\u00edquidos claros combinada con laxantes o enemas antes del examen. Si no sigue atentamente las instrucciones de su m\u00e9dico, es posible que tenga que reprogramar la intervenci\u00f3n.<\/p>\n<p><b>\u00bfQu\u00e9 pasa con mis medicamentos o alergias actuales?<\/b><\/p>\n<p>Puede tomar la mayor\u00eda de los medicamentos como de costumbre hasta el d\u00eda del examen EUS. Informe a su m\u00e9dico de todos los medicamentos que est\u00e9 tomando y de cualquier alergia que padezca. Puede ser necesario ajustar la medicaci\u00f3n anticoagulante (anticoagulantes como la warfarina o la heparina) y el clopidogrel antes del procedimiento. La insulina tambi\u00e9n debe ajustarse el d\u00eda de la EE. En general, puede tomar aspirina y antiinflamatorios no esteroideos (ibuprofeno, naproxeno, etc.) antes de un examen EUS. Consulte previamente con su m\u00e9dico estas recomendaciones.<\/p>\n<p>Consulte con su m\u00e9dico qu\u00e9 medicamentos debe tomar la ma\u00f1ana del examen EUS, y tome s\u00f3lo los medicamentos esenciales con un peque\u00f1o sorbo de agua.<\/p>\n<p>Si tiene alergia al l\u00e1tex, debe informar a su m\u00e9dico antes de la prueba. Los pacientes al\u00e9rgicos al l\u00e1tex suelen necesitar equipos especiales y es posible que no puedan someterse a un examen EUS completo.<\/p>\n<p><b>\u00bfNecesito tomar antibi\u00f3ticos?<\/b><\/p>\n<p>Por lo general, no se requieren antibi\u00f3ticos antes o despu\u00e9s de los ex\u00e1menes EUS. Sin embargo, su m\u00e9dico puede recetarle antibi\u00f3ticos si se somete a procedimientos especializados de EUS, como drenar una acumulaci\u00f3n de l\u00edquido o un quiste utilizando la gu\u00eda EUS.<\/p>\n<p><b>\u00bfDebo pedir ayuda despu\u00e9s del examen?<\/b><\/p>\n<p>Si ha recibido sedantes, no podr\u00e1 conducir despu\u00e9s de la intervenci\u00f3n, aunque no se sienta cansado. Deber\u00edas organizar un viaje a casa con antelaci\u00f3n. Tambi\u00e9n debe planear que alguien se quede con usted en casa despu\u00e9s del examen, porque los sedantes podr\u00edan afectar a su juicio y reflejos durante el resto del d\u00eda.<\/p>\n<p><b>\u00bfQu\u00e9 puedo esperar durante la EUS?<\/b><\/p>\n<p>Las pr\u00e1cticas var\u00edan entre los m\u00e9dicos, pero para un examen EUS del tracto gastrointestinal superior, algunos endoscopistas roc\u00edan su garganta con un anest\u00e9sico local antes de que comience la prueba. La mayor\u00eda de las veces recibir\u00e1 sedantes por v\u00eda intravenosa para ayudarle a relajarse. Lo m\u00e1s probable es que empiece tumb\u00e1ndose sobre el lado izquierdo. Tras administrarle sedantes, el endoscopista le pasar\u00e1 el endoscopio de ultrasonidos por la boca, el es\u00f3fago y el est\u00f3mago hasta el duodeno. El instrumento no interfiere con su capacidad para respirar. El examen propiamente dicho suele durar menos de 60 minutos. Muchos no recuerdan el procedimiento. La mayor\u00eda de los pacientes la consideran s\u00f3lo ligeramente inc\u00f3moda, y muchos se duermen durante ella.<\/p>\n<p>Un examen EUS del tracto gastrointestinal inferior a menudo se puede realizar de forma segura y c\u00f3moda sin medicamentos, pero recibir\u00e1 un sedante si el examen va a ser prolongado o si el m\u00e9dico va a examinar una distancia significativa en el colon. Empezar\u00e1 tumb\u00e1ndose sobre el lado izquierdo con la espalda hacia el m\u00e9dico. La mayor\u00eda de los ex\u00e1menes EUS del recto suelen durar menos de 45 minutos. Debe saber que si durante la EE se realiza una biopsia con aguja de una lesi\u00f3n o el drenaje de un quiste, el procedimiento ser\u00e1 m\u00e1s largo y puede durar hasta dos horas.<\/p>\n<p><b>\u00bfQu\u00e9 ocurre despu\u00e9s de la EEE?<\/b><\/p>\n<p>Si ha recibido sedantes, se le controlar\u00e1 en la zona de recuperaci\u00f3n hasta que desaparezcan la mayor\u00eda de los efectos de la medicaci\u00f3n sedante. Si te han hecho un USE superior, puede que te duela un poco la garganta. Es posible que se sienta hinchado debido al aire y al agua que se han introducido durante el examen.<\/p>\n<p>Podr\u00e1 comer despu\u00e9s de abandonar la zona de la intervenci\u00f3n, a menos que se le indique lo contrario.<\/p>\n<p>Por lo general, su m\u00e9dico puede informarle de los resultados preliminares del procedimiento ese mismo d\u00eda, pero los resultados de algunas pruebas, incluidas las biopsias, pueden tardar varios d\u00edas.<\/p>\n<p><b>\u00bfCu\u00e1les son las posibles complicaciones de la EUS?<\/b><\/p>\n<p>Aunque pueden producirse complicaciones, son poco frecuentes cuando m\u00e9dicos con formaci\u00f3n especializada y experiencia realizan el examen EUS. Puede producirse sangrado en el lugar de la biopsia, pero suele ser m\u00ednimo y rara vez requiere seguimiento. Es posible que tenga un ligero dolor de garganta durante un d\u00eda m\u00e1s o menos. Las pastillas para la garganta de tipo anest\u00e9sico de venta sin receta ayudan a aliviar el dolor de garganta.<\/p>\n<p>Otros riesgos potenciales, aunque infrecuentes, de la EUS son la reacci\u00f3n a los sedantes utilizados, la aspiraci\u00f3n del contenido del est\u00f3mago a los pulmones, las infecciones y las complicaciones derivadas de enfermedades card\u00edacas o pulmonares. Una complicaci\u00f3n importante pero muy infrecuente de la EUS es la perforaci\u00f3n. Se trata de un desgarro a trav\u00e9s del es\u00f3fago, el est\u00f3mago o el revestimiento del intestino que puede requerir cirug\u00eda para su reparaci\u00f3n.<\/p>\n<p>La posibilidad de complicaciones aumenta ligeramente si se realiza una biopsia con aguja durante el examen EUS, incluido un mayor riesgo de pancreatitis o infecci\u00f3n. Estos riesgos deben sopesarse con los posibles beneficios del procedimiento y los riesgos de enfoques alternativos de la enfermedad.<\/p>\n","protected":false},"excerpt":{"rendered":"<p>\u00bfQu\u00e9 es la ecograf\u00eda? La ecograf\u00eda endosc\u00f3pica (USE) permite a su m\u00e9dico examinar el revestimiento del es\u00f3fago y del est\u00f3mago, as\u00ed como las paredes del tracto gastrointestinal superior e inferior. El tracto superior est\u00e1 formado por el es\u00f3fago, el est\u00f3mago &hellip; <a href=\"https:\/\/www.azgastroliver.com\/es\/ultrasonografia-endoscopica\/\"><\/a><\/p>\n","protected":false},"author":3,"featured_media":0,"parent":0,"menu_order":0,"comment_status":"open","ping_status":"open","template":"","meta":{"footnotes":""},"aioseo_notices":[],"_links":{"self":[{"href":"https:\/\/www.azgastroliver.com\/es\/wp-json\/wp\/v2\/pages\/512"}],"collection":[{"href":"https:\/\/www.azgastroliver.com\/es\/wp-json\/wp\/v2\/pages"}],"about":[{"href":"https:\/\/www.azgastroliver.com\/es\/wp-json\/wp\/v2\/types\/page"}],"author":[{"embeddable":true,"href":"https:\/\/www.azgastroliver.com\/es\/wp-json\/wp\/v2\/users\/3"}],"replies":[{"embeddable":true,"href":"https:\/\/www.azgastroliver.com\/es\/wp-json\/wp\/v2\/comments?post=512"}],"version-history":[{"count":0,"href":"https:\/\/www.azgastroliver.com\/es\/wp-json\/wp\/v2\/pages\/512\/revisions"}],"wp:attachment":[{"href":"https:\/\/www.azgastroliver.com\/es\/wp-json\/wp\/v2\/media?parent=512"}],"curies":[{"name":"wp","href":"https:\/\/api.w.org\/{rel}","templated":true}]}}